{"id":20,"date":"2022-04-28T15:58:13","date_gmt":"2022-04-28T15:58:13","guid":{"rendered":"http:\/\/panach.cat\/?page_id=20"},"modified":"2022-04-28T15:58:13","modified_gmt":"2022-04-28T15:58:13","slug":"contacteu","status":"publish","type":"page","link":"https:\/\/panach.cat\/index.php\/contacteu\/","title":{"rendered":"Contacteu"},"content":{"rendered":"\n<p>Aquesta \u00e9s una p\u00e0gina amb informaci\u00f3 de contacte b\u00e0sica, com adre\u00e7a i n\u00famero de tel\u00e8fon. Tamb\u00e9 podeu provar una extensi\u00f3 per afegir un formulari de contacte.<\/p>\n","protected":false},"excerpt":{"rendered":"<p>Aquesta \u00e9s una p\u00e0gina amb informaci\u00f3 de contacte b\u00e0sica, com adre\u00e7a i n\u00famero de tel\u00e8fon. Tamb\u00e9 podeu provar una extensi\u00f3 per afegir un formulari de contacte.<\/p>\n","protected":false},"author":1,"featured_media":0,"parent":0,"menu_order":0,"comment_status":"closed","ping_status":"closed","template":"","meta":{"footnotes":""},"class_list":["post-20","page","type-page","status-publish","hentry"],"_links":{"self":[{"href":"https:\/\/panach.cat\/index.php\/wp-json\/wp\/v2\/pages\/20","targetHints":{"allow":["GET"]}}],"collection":[{"href":"https:\/\/panach.cat\/index.php\/wp-json\/wp\/v2\/pages"}],"about":[{"href":"https:\/\/panach.cat\/index.php\/wp-json\/wp\/v2\/types\/page"}],"author":[{"embeddable":true,"href":"https:\/\/panach.cat\/index.php\/wp-json\/wp\/v2\/users\/1"}],"replies":[{"embeddable":true,"href":"https:\/\/panach.cat\/index.php\/wp-json\/wp\/v2\/comments?post=20"}],"version-history":[{"count":1,"href":"https:\/\/panach.cat\/index.php\/wp-json\/wp\/v2\/pages\/20\/revisions"}],"predecessor-version":[{"id":27,"href":"https:\/\/panach.cat\/index.php\/wp-json\/wp\/v2\/pages\/20\/revisions\/27"}],"wp:attachment":[{"href":"https:\/\/panach.cat\/index.php\/wp-json\/wp\/v2\/media?parent=20"}],"curies":[{"name":"wp","href":"https:\/\/api.w.org\/{rel}","templated":true}]}}